{"id":23,"date":"2022-06-13T02:33:56","date_gmt":"2022-06-13T02:33:56","guid":{"rendered":"https:\/\/blueonemienbac.com\/?page_id=23"},"modified":"2022-07-24T23:24:35","modified_gmt":"2022-07-24T23:24:35","slug":"linh-vuc-hoat-dong","status":"publish","type":"page","link":"https:\/\/blueonemienbac.com\/?page_id=23","title":{"rendered":"L\u0128NH V\u1ef0C HO\u1ea0T \u0110\u1ed8NG"},"content":{"rendered":"<div class=\"slider-wrapper relative\" id=\"slider-1564856555\" >\n    <div class=\"slider slider-nav-simple slider-nav-large slider-nav-light slider-style-normal slider-show-nav\"\n        data-flickity-options='{\n            \"cellAlign\": \"center\",\n            \"imagesLoaded\": true,\n            \"lazyLoad\": 1,\n            \"freeScroll\": false,\n            \"wrapAround\": true,\n            \"autoPlay\": 6000,\n            \"pauseAutoPlayOnHover\" : true,\n            \"prevNextButtons\": true,\n            \"contain\" : true,\n            \"adaptiveHeight\" : true,\n            \"dragThreshold\" : 10,\n            \"percentPosition\": true,\n            \"pageDots\": true,\n            \"rightToLeft\": false,\n            \"draggable\": true,\n            \"selectedAttraction\": 0.1,\n            \"parallax\" : 0,\n            \"friction\": 0.6        }'\n        >\n        \n\n  <div class=\"banner has-hover\" id=\"banner-1240598721\">\n          <div class=\"banner-inner fill\">\n        <div class=\"banner-bg fill\" >\n            <div class=\"bg fill bg-fill \"><\/div>\n                                    \n                    <\/div>\n\t\t\n        <div class=\"banner-layers container\">\n            <div class=\"fill banner-link\"><\/div>            \n   <div id=\"text-box-1799524775\" class=\"text-box banner-layer x5 md-x5 lg-x5 y10 md-y10 lg-y10 res-text\">\n                                <div class=\"text-box-content text dark\">\n              \n              <div class=\"text-inner text-left\">\n                  \n<h4>DUNG D\u1ecaCH X\u1eec L\u00dd KH\u00cd TH\u1ea2I \u0110\u1ed8NG C\u01a0 DIESEL BLUEONE<\/h4>\n<p>\u0110\u00e1p \u1ee9ng ti\u00eau chu\u1ea9n ISO 22241, DIN70070<\/p>\n              <\/div>\n           <\/div>\n                            \n<style>\n#text-box-1799524775 .text-box-content {\n  background-color: rgba(0, 0, 0, 0.6);\n  font-size: 60%;\n}\n#text-box-1799524775 .text-inner {\n  padding: 5px 5px 5px 15px;\n}\n#text-box-1799524775 {\n  width: 50%;\n}\n@media (min-width:550px) {\n  #text-box-1799524775 .text-inner {\n    padding: 10px 20px 10px 20px;\n  }\n  #text-box-1799524775 {\n    width: 62%;\n  }\n  #text-box-1799524775 .text-box-content {\n    font-size: 100%;\n  }\n}\n<\/style>\n    <\/div>\n \n        <\/div>\n      <\/div>\n\n            \n<style>\n#banner-1240598721 {\n  padding-top: 170px;\n}\n#banner-1240598721 .bg.bg-loaded {\n  background-image: url(https:\/\/blueonemienbac.com\/wp-content\/uploads\/2022\/06\/banner1.jpg);\n}\n#banner-1240598721 .bg {\n  background-position: 0% 34%;\n}\n#banner-1240598721 .ux-shape-divider--top svg {\n  height: 150px;\n  --divider-top-width: 100%;\n}\n#banner-1240598721 .ux-shape-divider--bottom svg {\n  height: 150px;\n  --divider-width: 100%;\n}\n@media (min-width:550px) {\n  #banner-1240598721 {\n    padding-top: 450px;\n  }\n}\n<\/style>\n  <\/div>\n\n\n\n  <div class=\"banner has-hover\" id=\"banner-634674469\">\n          <div class=\"banner-inner fill\">\n        <div class=\"banner-bg fill\" >\n            <div class=\"bg fill bg-fill \"><\/div>\n                                    \n                    <\/div>\n\t\t\n        <div class=\"banner-layers container\">\n            <div class=\"fill banner-link\"><\/div>            \n   <div id=\"text-box-407381181\" class=\"text-box banner-layer x5 md-x5 lg-x5 y10 md-y10 lg-y10 res-text\">\n                                <div class=\"text-box-content text dark\">\n              \n              <div class=\"text-inner text-left\">\n                  \n<h4>DUNG D\u1ecaCH X\u1eec L\u00dd KH\u00cd TH\u1ea2I \u0110\u1ed8NG C\u01a0 T\u00c0U BI\u1ec2N AUS40<\/h4>\n<p>Ph\u00f9 h\u1ee3p ti\u00eau chu\u1ea9n ISO 22241 &amp; DIN70070<\/p>\n              <\/div>\n           <\/div>\n                            \n<style>\n#text-box-407381181 .text-box-content {\n  background-color: rgba(0, 0, 0, 0.6);\n  font-size: 60%;\n}\n#text-box-407381181 .text-inner {\n  padding: 5px 5px 5px 15px;\n}\n#text-box-407381181 {\n  width: 50%;\n}\n@media (min-width:550px) {\n  #text-box-407381181 .text-inner {\n    padding: 10px 20px 10px 20px;\n  }\n  #text-box-407381181 {\n    width: 62%;\n  }\n  #text-box-407381181 .text-box-content {\n    font-size: 100%;\n  }\n}\n<\/style>\n    <\/div>\n \n        <\/div>\n      <\/div>\n\n            \n<style>\n#banner-634674469 {\n  padding-top: 170px;\n}\n#banner-634674469 .bg.bg-loaded {\n  background-image: url(https:\/\/blueonemienbac.com\/wp-content\/uploads\/2022\/06\/banner2.jpg);\n}\n#banner-634674469 .bg {\n  background-position: 12% 80%;\n}\n#banner-634674469 .ux-shape-divider--top svg {\n  height: 150px;\n  --divider-top-width: 100%;\n}\n#banner-634674469 .ux-shape-divider--bottom svg {\n  height: 150px;\n  --divider-width: 100%;\n}\n@media (min-width:550px) {\n  #banner-634674469 {\n    padding-top: 450px;\n  }\n}\n<\/style>\n  <\/div>\n\n\n\n  <div class=\"banner has-hover\" id=\"banner-1204738959\">\n          <div class=\"banner-inner fill\">\n        <div class=\"banner-bg fill\" >\n            <div class=\"bg fill bg-fill \"><\/div>\n                                    \n                    <\/div>\n\t\t\n        <div class=\"banner-layers container\">\n            <div class=\"fill banner-link\"><\/div>            \n   <div id=\"text-box-1735186459\" class=\"text-box banner-layer x5 md-x5 lg-x5 y10 md-y10 lg-y10 res-text\">\n                                <div class=\"text-box-content text dark\">\n              \n              <div class=\"text-inner text-left\">\n                  \n<h4>\u0110\u1ea0I L\u00dd<\/h4>\n<p>\u0110\u1ea1i l\u00fd tr\u1ea3i d\u00e0i tr\u00ean c\u00e1c cung \u0111\u01b0\u1eddng.<\/p>\n              <\/div>\n           <\/div>\n                            \n<style>\n#text-box-1735186459 .text-box-content {\n  background-color: rgba(0, 0, 0, 0.6);\n  font-size: 60%;\n}\n#text-box-1735186459 .text-inner {\n  padding: 5px 5px 5px 15px;\n}\n#text-box-1735186459 {\n  width: 50%;\n}\n@media (min-width:550px) {\n  #text-box-1735186459 .text-inner {\n    padding: 10px 20px 10px 20px;\n  }\n  #text-box-1735186459 {\n    width: 62%;\n  }\n  #text-box-1735186459 .text-box-content {\n    font-size: 100%;\n  }\n}\n<\/style>\n    <\/div>\n \n        <\/div>\n      <\/div>\n\n            \n<style>\n#banner-1204738959 {\n  padding-top: 170px;\n}\n#banner-1204738959 .bg.bg-loaded {\n  background-image: url(https:\/\/blueonemienbac.com\/wp-content\/uploads\/2022\/06\/banner3.jpg);\n}\n#banner-1204738959 .bg {\n  background-position: 20% 0%;\n}\n#banner-1204738959 .ux-shape-divider--top svg {\n  height: 150px;\n  --divider-top-width: 100%;\n}\n#banner-1204738959 .ux-shape-divider--bottom svg {\n  height: 150px;\n  --divider-width: 100%;\n}\n@media (min-width:550px) {\n  #banner-1204738959 {\n    padding-top: 450px;\n  }\n}\n<\/style>\n  <\/div>\n\n\n     <\/div>\n\n     <div class=\"loading-spin dark large centered\"><\/div>\n\n     \t<\/div>\n\n\n\t<section class=\"section\" id=\"section_1221035251\">\n\t\t<div class=\"bg section-bg fill bg-fill  bg-loaded\" >\n\n\t\t\t\n\t\t\t\n\t\t\t\n\n\t\t<\/div>\n\n\t\t\n\n\t\t<div class=\"section-content relative\">\n\t\t\t\n<div class=\"row row-collapse row-full-width align-middle align-center\"  id=\"row-1024095760\">\n\n\t<div id=\"col-113970508\" class=\"col medium-6 small-12 large-6\"  data-animate=\"fadeInDown\">\n\t\t\t\t<div class=\"col-inner text-center\"  >\n\t\t\t\n\t\t\t\n\t<div class=\"img has-hover x md-x lg-x y md-y lg-y\" id=\"image_705689280\">\n\t\t\t\t\t\t\t\t<div class=\"img-inner image-cover dark\" style=\"padding-top:500px;\">\n\t\t\t<img loading=\"lazy\" decoding=\"async\" width=\"1920\" height=\"2560\" src=\"https:\/\/blueonemienbac.com\/wp-content\/uploads\/2022\/06\/z3524558949221_1bc28d67d646339560b8444a0caa0687.jpg\" class=\"attachment-original size-original\" alt=\"\" srcset=\"https:\/\/blueonemienbac.com\/wp-content\/uploads\/2022\/06\/z3524558949221_1bc28d67d646339560b8444a0caa0687.jpg 1920w, https:\/\/blueonemienbac.com\/wp-content\/uploads\/2022\/06\/z3524558949221_1bc28d67d646339560b8444a0caa0687-225x300.jpg 225w, https:\/\/blueonemienbac.com\/wp-content\/uploads\/2022\/06\/z3524558949221_1bc28d67d646339560b8444a0caa0687-768x1024.jpg 768w, https:\/\/blueonemienbac.com\/wp-content\/uploads\/2022\/06\/z3524558949221_1bc28d67d646339560b8444a0caa0687-1152x1536.jpg 1152w, https:\/\/blueonemienbac.com\/wp-content\/uploads\/2022\/06\/z3524558949221_1bc28d67d646339560b8444a0caa0687-1536x2048.jpg 1536w\" sizes=\"auto, (max-width: 1920px) 100vw, 1920px\" \/>\t\t\t\t\t\t\n\t\t\t\t\t<\/div>\n\t\t\t\t\t\t\t\t\n<style>\n#image_705689280 {\n  width: 100%;\n}\n<\/style>\n\t<\/div>\n\t\n\t\t<\/div>\n\t\t\t\t\t<\/div>\n\n\t\n\n\t<div id=\"col-197723017\" class=\"col medium-6 small-12 large-6\"  data-animate=\"fadeInLeft\">\n\t\t\t\t<div class=\"col-inner\"  >\n\t\t\t\n\t\t\t\n\t<div id=\"text-4071759182\" class=\"text\">\n\t\t\n<h2>S\u1ea2N XU\u1ea4T V\u00c0 PH\u00c2N PH\u1ed0I C\u00c1C S\u1ea2N PH\u1ea8M PH\u1ee4 GIA \u00d4 T\u00d4, T\u00c0U BI\u1ec2N<\/h2>\n\t\t\n<style>\n#text-4071759182 {\n  font-size: 1.2rem;\n}\n<\/style>\n\t<\/div>\n\t\n\t\t<\/div>\n\t\t\t\t\n<style>\n#col-197723017 > .col-inner {\n  padding: 0px 20px 0px 20px;\n}\n@media (min-width:550px) {\n  #col-197723017 > .col-inner {\n    padding: 0px 200px 0px 50px;\n  }\n}\n<\/style>\n\t<\/div>\n\n\t\n<\/div>\n\t\t<\/div>\n\n\t\t\n<style>\n#section_1221035251 {\n  padding-top: 0px;\n  padding-bottom: 0px;\n}\n#section_1221035251 .ux-shape-divider--top svg {\n  height: 150px;\n  --divider-top-width: 100%;\n}\n#section_1221035251 .ux-shape-divider--bottom svg {\n  height: 150px;\n  --divider-width: 100%;\n}\n<\/style>\n\t<\/section>\n\t\n\t<section class=\"section\" id=\"section_1779974025\">\n\t\t<div class=\"bg section-bg fill bg-fill  bg-loaded\" >\n\n\t\t\t\n\t\t\t\n\t\t\t\n\n\t\t<\/div>\n\n\t\t\n\n\t\t<div class=\"section-content relative\">\n\t\t\t\n<div class=\"row row-collapse row-full-width align-middle align-center\"  id=\"row-1905072801\">\n\n\t<div id=\"col-95962056\" class=\"col medium-6 small-12 large-6\"  data-animate=\"fadeInLeft\">\n\t\t\t\t<div class=\"col-inner\"  >\n\t\t\t\n\t\t\t\n\t<div id=\"text-787892505\" class=\"text\">\n\t\t\n<h2>PH\u00c2N PH\u1ed0I H\u00d3A CH\u1ea4T CHO C\u00c1C NG\u00c0NH C\u00d4NG NGHI\u1ec6P<\/h2>\n\t\t\n<style>\n#text-787892505 {\n  font-size: 1.2rem;\n}\n<\/style>\n\t<\/div>\n\t\n\t\t<\/div>\n\t\t\t\t\n<style>\n#col-95962056 > .col-inner {\n  padding: 0px 20px 0px 20px;\n}\n@media (min-width:550px) {\n  #col-95962056 > .col-inner {\n    padding: 0px 50px 0px 200px;\n  }\n}\n<\/style>\n\t<\/div>\n\n\t\n\n\t<div id=\"col-477844581\" class=\"col medium-6 small-12 large-6\"  data-animate=\"fadeInDown\">\n\t\t\t\t<div class=\"col-inner text-center\"  >\n\t\t\t\n\t\t\t\n\t<div class=\"img has-hover x md-x lg-x y md-y lg-y\" id=\"image_1897592104\">\n\t\t\t\t\t\t\t\t<div class=\"img-inner image-cover dark\" style=\"padding-top:500px;\">\n\t\t\t<img loading=\"lazy\" decoding=\"async\" width=\"2560\" height=\"1709\" src=\"https:\/\/blueonemienbac.com\/wp-content\/uploads\/2022\/06\/technologist-industrial-worker-holding-plastic-canisters-about-change-chemicals-food-processing-machine-scaled.jpg\" class=\"attachment-original size-original\" alt=\"\" srcset=\"https:\/\/blueonemienbac.com\/wp-content\/uploads\/2022\/06\/technologist-industrial-worker-holding-plastic-canisters-about-change-chemicals-food-processing-machine-scaled.jpg 2560w, https:\/\/blueonemienbac.com\/wp-content\/uploads\/2022\/06\/technologist-industrial-worker-holding-plastic-canisters-about-change-chemicals-food-processing-machine-300x200.jpg 300w, https:\/\/blueonemienbac.com\/wp-content\/uploads\/2022\/06\/technologist-industrial-worker-holding-plastic-canisters-about-change-chemicals-food-processing-machine-1024x683.jpg 1024w, https:\/\/blueonemienbac.com\/wp-content\/uploads\/2022\/06\/technologist-industrial-worker-holding-plastic-canisters-about-change-chemicals-food-processing-machine-768x513.jpg 768w, https:\/\/blueonemienbac.com\/wp-content\/uploads\/2022\/06\/technologist-industrial-worker-holding-plastic-canisters-about-change-chemicals-food-processing-machine-1536x1025.jpg 1536w, https:\/\/blueonemienbac.com\/wp-content\/uploads\/2022\/06\/technologist-industrial-worker-holding-plastic-canisters-about-change-chemicals-food-processing-machine-2048x1367.jpg 2048w\" sizes=\"auto, (max-width: 2560px) 100vw, 2560px\" \/>\t\t\t\t\t\t\n\t\t\t\t\t<\/div>\n\t\t\t\t\t\t\t\t\n<style>\n#image_1897592104 {\n  width: 100%;\n}\n<\/style>\n\t<\/div>\n\t\n\t\t<\/div>\n\t\t\t\t\t<\/div>\n\n\t\n<\/div>\n\t\t<\/div>\n\n\t\t\n<style>\n#section_1779974025 {\n  padding-top: 0px;\n  padding-bottom: 0px;\n}\n#section_1779974025 .ux-shape-divider--top svg {\n  height: 150px;\n  --divider-top-width: 100%;\n}\n#section_1779974025 .ux-shape-divider--bottom svg {\n  height: 150px;\n  --divider-width: 100%;\n}\n<\/style>\n\t<\/section>\n\t\n\t<section class=\"section\" id=\"section_2075738933\">\n\t\t<div class=\"bg section-bg fill bg-fill  bg-loaded\" >\n\n\t\t\t\n\t\t\t\n\t\t\t\n\n\t\t<\/div>\n\n\t\t\n\n\t\t<div class=\"section-content relative\">\n\t\t\t\n<div class=\"row row-collapse row-full-width align-middle align-center\"  id=\"row-1866915552\">\n\n\t<div id=\"col-1539422752\" class=\"col medium-6 small-12 large-6\"  data-animate=\"fadeInDown\">\n\t\t\t\t<div class=\"col-inner text-center\"  >\n\t\t\t\n\t\t\t\n\t<div class=\"img has-hover x md-x lg-x y md-y lg-y\" id=\"image_211987697\">\n\t\t\t\t\t\t\t\t<div class=\"img-inner image-cover dark\" style=\"padding-top:500px;\">\n\t\t\t<img loading=\"lazy\" decoding=\"async\" width=\"920\" height=\"340\" src=\"https:\/\/blueonemienbac.com\/wp-content\/uploads\/2022\/07\/WEPP.jpg\" class=\"attachment-original size-original\" alt=\"\" srcset=\"https:\/\/blueonemienbac.com\/wp-content\/uploads\/2022\/07\/WEPP.jpg 920w, https:\/\/blueonemienbac.com\/wp-content\/uploads\/2022\/07\/WEPP-300x111.jpg 300w, https:\/\/blueonemienbac.com\/wp-content\/uploads\/2022\/07\/WEPP-768x284.jpg 768w\" sizes=\"auto, (max-width: 920px) 100vw, 920px\" \/>\t\t\t\t\t\t\n\t\t\t\t\t<\/div>\n\t\t\t\t\t\t\t\t\n<style>\n#image_211987697 {\n  width: 100%;\n}\n<\/style>\n\t<\/div>\n\t\n\t\t<\/div>\n\t\t\t\t\t<\/div>\n\n\t\n\n\t<div id=\"col-590752059\" class=\"col medium-6 small-12 large-6\"  data-animate=\"fadeInLeft\">\n\t\t\t\t<div class=\"col-inner\"  >\n\t\t\t\n\t\t\t\n\t<div id=\"text-278426047\" class=\"text\">\n\t\t\n<h2>PH\u00c2N PH\u1ed0I S\u1ea2N PH\u1ea8M CH\u0102M S\u00d3C \u0110\u1ed8NG C\u01a0<\/h2>\n\t\t\n<style>\n#text-278426047 {\n  font-size: 1.2rem;\n}\n<\/style>\n\t<\/div>\n\t\n\t\t<\/div>\n\t\t\t\t\n<style>\n#col-590752059 > .col-inner {\n  padding: 0px 20px 0px 20px;\n}\n@media (min-width:550px) {\n  #col-590752059 > .col-inner {\n    padding: 0px 200px 0px 50px;\n  }\n}\n<\/style>\n\t<\/div>\n\n\t\n<\/div>\n\t\t<\/div>\n\n\t\t\n<style>\n#section_2075738933 {\n  padding-top: 0px;\n  padding-bottom: 0px;\n}\n#section_2075738933 .ux-shape-divider--top svg {\n  height: 150px;\n  --divider-top-width: 100%;\n}\n#section_2075738933 .ux-shape-divider--bottom svg {\n  height: 150px;\n  --divider-width: 100%;\n}\n<\/style>\n\t<\/section>\n\t\n","protected":false},"excerpt":{"rendered":"","protected":false},"author":1,"featured_media":0,"parent":0,"menu_order":0,"comment_status":"closed","ping_status":"closed","template":"","meta":{"footnotes":""},"class_list":["post-23","page","type-page","status-publish","hentry"],"_links":{"self":[{"href":"https:\/\/blueonemienbac.com\/index.php?rest_route=\/wp\/v2\/pages\/23","targetHints":{"allow":["GET"]}}],"collection":[{"href":"https:\/\/blueonemienbac.com\/index.php?rest_route=\/wp\/v2\/pages"}],"about":[{"href":"https:\/\/blueonemienbac.com\/index.php?rest_route=\/wp\/v2\/types\/page"}],"author":[{"embeddable":true,"href":"https:\/\/blueonemienbac.com\/index.php?rest_route=\/wp\/v2\/users\/1"}],"replies":[{"embeddable":true,"href":"https:\/\/blueonemienbac.com\/index.php?rest_route=%2Fwp%2Fv2%2Fcomments&post=23"}],"version-history":[{"count":10,"href":"https:\/\/blueonemienbac.com\/index.php?rest_route=\/wp\/v2\/pages\/23\/revisions"}],"predecessor-version":[{"id":570,"href":"https:\/\/blueonemienbac.com\/index.php?rest_route=\/wp\/v2\/pages\/23\/revisions\/570"}],"wp:attachment":[{"href":"https:\/\/blueonemienbac.com\/index.php?rest_route=%2Fwp%2Fv2%2Fmedia&parent=23"}],"curies":[{"name":"wp","href":"https:\/\/api.w.org\/{rel}","templated":true}]}}