{"id":21,"date":"2022-06-13T02:33:42","date_gmt":"2022-06-13T02:33:42","guid":{"rendered":"https:\/\/blueonemienbac.com\/?page_id=21"},"modified":"2022-07-19T07:32:10","modified_gmt":"2022-07-19T07:32:10","slug":"gioi-thieu","status":"publish","type":"page","link":"https:\/\/blueonemienbac.com\/?page_id=21","title":{"rendered":"GI\u1edaI THI\u1ec6U"},"content":{"rendered":"<div class=\"slider-wrapper relative\" id=\"slider-481624739\" >\n    <div class=\"slider slider-nav-simple slider-nav-large slider-nav-light slider-style-normal slider-show-nav\"\n        data-flickity-options='{\n            \"cellAlign\": \"center\",\n            \"imagesLoaded\": true,\n            \"lazyLoad\": 1,\n            \"freeScroll\": false,\n            \"wrapAround\": true,\n            \"autoPlay\": 6000,\n            \"pauseAutoPlayOnHover\" : true,\n            \"prevNextButtons\": true,\n            \"contain\" : true,\n            \"adaptiveHeight\" : true,\n            \"dragThreshold\" : 10,\n            \"percentPosition\": true,\n            \"pageDots\": true,\n            \"rightToLeft\": false,\n            \"draggable\": true,\n            \"selectedAttraction\": 0.1,\n            \"parallax\" : 0,\n            \"friction\": 0.6        }'\n        >\n        \n\n  <div class=\"banner has-hover\" id=\"banner-25675740\">\n          <div class=\"banner-inner fill\">\n        <div class=\"banner-bg fill\" >\n            <div class=\"bg fill bg-fill \"><\/div>\n                                    \n                    <\/div>\n\t\t\n        <div class=\"banner-layers container\">\n            <div class=\"fill banner-link\"><\/div>            \n   <div id=\"text-box-1542272455\" class=\"text-box banner-layer x5 md-x5 lg-x5 y10 md-y10 lg-y10 res-text\">\n                                <div class=\"text-box-content text dark\">\n              \n              <div class=\"text-inner text-left\">\n                  \n<h4>DUNG D\u1ecaCH X\u1eec L\u00dd KH\u00cd TH\u1ea2I \u0110\u1ed8NG C\u01a0 DIESEL BLUEONE<\/h4>\n<p>\u0110\u00e1p \u1ee9ng ti\u00eau chu\u1ea9n ISO 22241, DIN70070<\/p>\n              <\/div>\n           <\/div>\n                            \n<style>\n#text-box-1542272455 .text-box-content {\n  background-color: rgba(0, 0, 0, 0.6);\n  font-size: 60%;\n}\n#text-box-1542272455 .text-inner {\n  padding: 5px 5px 5px 15px;\n}\n#text-box-1542272455 {\n  width: 50%;\n}\n@media (min-width:550px) {\n  #text-box-1542272455 .text-inner {\n    padding: 10px 20px 10px 20px;\n  }\n  #text-box-1542272455 {\n    width: 62%;\n  }\n  #text-box-1542272455 .text-box-content {\n    font-size: 100%;\n  }\n}\n<\/style>\n    <\/div>\n \n        <\/div>\n      <\/div>\n\n            \n<style>\n#banner-25675740 {\n  padding-top: 170px;\n}\n#banner-25675740 .bg.bg-loaded {\n  background-image: url(https:\/\/blueonemienbac.com\/wp-content\/uploads\/2022\/06\/banner1.jpg);\n}\n#banner-25675740 .bg {\n  background-position: 0% 34%;\n}\n#banner-25675740 .ux-shape-divider--top svg {\n  height: 150px;\n  --divider-top-width: 100%;\n}\n#banner-25675740 .ux-shape-divider--bottom svg {\n  height: 150px;\n  --divider-width: 100%;\n}\n@media (min-width:550px) {\n  #banner-25675740 {\n    padding-top: 450px;\n  }\n}\n<\/style>\n  <\/div>\n\n\n\n  <div class=\"banner has-hover\" id=\"banner-1168578934\">\n          <div class=\"banner-inner fill\">\n        <div class=\"banner-bg fill\" >\n            <div class=\"bg fill bg-fill \"><\/div>\n                                    \n                    <\/div>\n\t\t\n        <div class=\"banner-layers container\">\n            <div class=\"fill banner-link\"><\/div>            \n   <div id=\"text-box-57581918\" class=\"text-box banner-layer x5 md-x5 lg-x5 y10 md-y10 lg-y10 res-text\">\n                                <div class=\"text-box-content text dark\">\n              \n              <div class=\"text-inner text-left\">\n                  \n<h4>DUNG D\u1ecaCH X\u1eec L\u00dd KH\u00cd TH\u1ea2I \u0110\u1ed8NG C\u01a0 T\u00c0U BI\u1ec2N AUS40<\/h4>\n<p>Ph\u00f9 h\u1ee3p ti\u00eau chu\u1ea9n ISO 22241 &amp; DIN70070<\/p>\n              <\/div>\n           <\/div>\n                            \n<style>\n#text-box-57581918 .text-box-content {\n  background-color: rgba(0, 0, 0, 0.6);\n  font-size: 60%;\n}\n#text-box-57581918 .text-inner {\n  padding: 5px 5px 5px 15px;\n}\n#text-box-57581918 {\n  width: 50%;\n}\n@media (min-width:550px) {\n  #text-box-57581918 .text-inner {\n    padding: 10px 20px 10px 20px;\n  }\n  #text-box-57581918 {\n    width: 62%;\n  }\n  #text-box-57581918 .text-box-content {\n    font-size: 100%;\n  }\n}\n<\/style>\n    <\/div>\n \n        <\/div>\n      <\/div>\n\n            \n<style>\n#banner-1168578934 {\n  padding-top: 170px;\n}\n#banner-1168578934 .bg.bg-loaded {\n  background-image: url(https:\/\/blueonemienbac.com\/wp-content\/uploads\/2022\/06\/banner2.jpg);\n}\n#banner-1168578934 .bg {\n  background-position: 12% 80%;\n}\n#banner-1168578934 .ux-shape-divider--top svg {\n  height: 150px;\n  --divider-top-width: 100%;\n}\n#banner-1168578934 .ux-shape-divider--bottom svg {\n  height: 150px;\n  --divider-width: 100%;\n}\n@media (min-width:550px) {\n  #banner-1168578934 {\n    padding-top: 450px;\n  }\n}\n<\/style>\n  <\/div>\n\n\n\n  <div class=\"banner has-hover\" id=\"banner-2117492231\">\n          <div class=\"banner-inner fill\">\n        <div class=\"banner-bg fill\" >\n            <div class=\"bg fill bg-fill \"><\/div>\n                                    \n                    <\/div>\n\t\t\n        <div class=\"banner-layers container\">\n            <div class=\"fill banner-link\"><\/div>            \n   <div id=\"text-box-1468509946\" class=\"text-box banner-layer x5 md-x5 lg-x5 y10 md-y10 lg-y10 res-text\">\n                                <div class=\"text-box-content text dark\">\n              \n              <div class=\"text-inner text-left\">\n                  \n<h4>\u0110\u1ea0I L\u00dd<\/h4>\n<p>\u0110\u1ea1i l\u00fd tr\u1ea3i d\u00e0i tr\u00ean c\u00e1c cung \u0111\u01b0\u1eddng.<\/p>\n              <\/div>\n           <\/div>\n                            \n<style>\n#text-box-1468509946 .text-box-content {\n  background-color: rgba(0, 0, 0, 0.6);\n  font-size: 60%;\n}\n#text-box-1468509946 .text-inner {\n  padding: 5px 5px 5px 15px;\n}\n#text-box-1468509946 {\n  width: 50%;\n}\n@media (min-width:550px) {\n  #text-box-1468509946 .text-inner {\n    padding: 10px 20px 10px 20px;\n  }\n  #text-box-1468509946 {\n    width: 62%;\n  }\n  #text-box-1468509946 .text-box-content {\n    font-size: 100%;\n  }\n}\n<\/style>\n    <\/div>\n \n        <\/div>\n      <\/div>\n\n            \n<style>\n#banner-2117492231 {\n  padding-top: 170px;\n}\n#banner-2117492231 .bg.bg-loaded {\n  background-image: url(https:\/\/blueonemienbac.com\/wp-content\/uploads\/2022\/06\/banner3.jpg);\n}\n#banner-2117492231 .bg {\n  background-position: 20% 0%;\n}\n#banner-2117492231 .ux-shape-divider--top svg {\n  height: 150px;\n  --divider-top-width: 100%;\n}\n#banner-2117492231 .ux-shape-divider--bottom svg {\n  height: 150px;\n  --divider-width: 100%;\n}\n@media (min-width:550px) {\n  #banner-2117492231 {\n    padding-top: 450px;\n  }\n}\n<\/style>\n  <\/div>\n\n\n     <\/div>\n\n     <div class=\"loading-spin dark large centered\"><\/div>\n\n     \t<\/div>\n\n\n\t<section class=\"section\" id=\"section_1809150529\">\n\t\t<div class=\"bg section-bg fill bg-fill  bg-loaded\" >\n\n\t\t\t\n\t\t\t\n\t\t\t\n\n\t\t<\/div>\n\n\t\t\n\n\t\t<div class=\"section-content relative\">\n\t\t\t\n<div class=\"row\"  id=\"row-528111517\">\n\n\t<div id=\"col-966409310\" class=\"col small-12 large-12\"  data-animate=\"fadeInLeft\">\n\t\t\t\t<div class=\"col-inner\"  >\n\t\t\t\n\t\t\t\n<div class=\"row row-collapse align-middle\"  id=\"row-1968111558\">\n\n\t<div id=\"col-1730264696\" class=\"col medium-6 small-12 large-6\"  >\n\t\t\t\t<div class=\"col-inner text-center\"  >\n\t\t\t\n\t\t\t\n<h2><span style=\"color: #ffffff;\">GI\u1edaI THI\u1ec6U CHUNG<\/span><\/h2>\n\t<div id=\"gap-768780000\" class=\"gap-element clearfix\" style=\"display:block; height:auto;\">\n\t\t\n<style>\n#gap-768780000 {\n  padding-top: 20px;\n}\n<\/style>\n\t<\/div>\n\t\n\t<div class=\"img has-hover x md-x lg-x y md-y lg-y\" id=\"image_1897561094\">\n\t\t\t\t\t\t\t\t<div class=\"img-inner dark\" >\n\t\t\t<img loading=\"lazy\" decoding=\"async\" width=\"500\" height=\"129\" src=\"https:\/\/blueonemienbac.com\/wp-content\/uploads\/2022\/06\/logo.png\" class=\"attachment-original size-original\" alt=\"\" srcset=\"https:\/\/blueonemienbac.com\/wp-content\/uploads\/2022\/06\/logo.png 500w, https:\/\/blueonemienbac.com\/wp-content\/uploads\/2022\/06\/logo-300x77.png 300w\" sizes=\"auto, (max-width: 500px) 100vw, 500px\" \/>\t\t\t\t\t\t\n\t\t\t\t\t<\/div>\n\t\t\t\t\t\t\t\t\n<style>\n#image_1897561094 {\n  width: 55%;\n}\n<\/style>\n\t<\/div>\n\t\n\t\t<\/div>\n\t\t\t\t\n<style>\n#col-1730264696 > .col-inner {\n  padding: 20px 0px 20px 0px;\n}\n@media (min-width:550px) {\n  #col-1730264696 > .col-inner {\n    padding: 50px 0px 50px 0px;\n  }\n}\n<\/style>\n\t<\/div>\n\n\t\n\n\t<div id=\"col-584463673\" class=\"col medium-6 small-12 large-6\"  >\n\t\t\t\t<div class=\"col-inner text-left\"  >\n\t\t\t\n\t\t\t\n\t<div id=\"text-1284987194\" class=\"text\">\n\t\t\n<p class=\"text-justify\"><strong>BlueOne Group<\/strong> \u0111\u01b0\u1ee3c th\u00e0nh l\u1eadp t\u1eeb n\u0103m 2015 v\u1edbi ph\u00e1p nh\u00e2n C\u00f4ng ty c\u1ed5 ph\u1ea7n BlueOne c\u00f3 tr\u1ee5 s\u1edf t\u1ea1i t\u1ec9nh B\u00ecnh D\u01b0\u01a1ng, ho\u1ea1t \u0111\u1ed9ng trong l\u0129nh v\u1ef1c s\u1ea3n xu\u1ea5t ph\u1ee5 gia \u00f4 t\u00f4 v\u1edbi c\u00e1c s\u1ea3n ph\u1ea9m ch\u1ee7 \u0111\u1ea1o l\u00e0 dung d\u1ecbch x\u1eed l\u00fd kh\u00ed th\u1ea3i \u0111\u1ed9ng c\u01a1 Diesel ti\u00eau chu\u1ea9n Euro 4, Euro 5, Euro 6, s\u1ea3n ph\u1ea9m dung d\u1ecbch l\u00e0m m\u00e1t \u0111\u1ed9ng c\u01a1 BlueOne Coolant.<\/p>\n<p>Nh\u1eb1m \u0111\u00e1p \u1ee9ng quy m\u00f4 th\u1ecb tr\u01b0\u1eddng th\u00ec BlueOne Group ti\u1ebfp t\u1ee5c m\u1edf r\u1ed9ng ra c\u00e1c khu v\u1ef1c B\u1eafc B\u1ed9, Trung B\u1ed9, T\u00e2y Nguy\u00ean. Trong \u0111\u00f3 C\u00f4ng ty TNHH BlueOne Mi\u1ec1n B\u1eafc c\u00f3 tr\u1ee5 s\u1edf t\u1ea1i H\u00e0 N\u1ed9i, l\u00e0 m\u1ed9t th\u00e0nh vi\u00ean trong BlueOne Group ph\u1ee5 tr\u00e1ch c\u00f4ng t\u00e1c khai th\u00e1c th\u1ecb tr\u01b0\u1eddng t\u1ea1i 28 t\u1ec9nh\/th\u00e0nh ph\u00eda b\u1eafc.<\/p>\n\t\t\n<style>\n#text-1284987194 {\n  color: rgb(255,255,255);\n}\n#text-1284987194 > * {\n  color: rgb(255,255,255);\n}\n<\/style>\n\t<\/div>\n\t\n\t\t<\/div>\n\t\t\t\t\n<style>\n#col-584463673 > .col-inner {\n  padding: 0px 20px 0px 20px;\n}\n@media (min-width:550px) {\n  #col-584463673 > .col-inner {\n    padding: 50px 80px 50px 0px;\n  }\n}\n<\/style>\n\t<\/div>\n\n\t\n<\/div>\n\t\t<\/div>\n\t\t\t\t\n<style>\n#col-966409310 > .col-inner {\n  margin: -100px 0px 0px 0px;\n}\n<\/style>\n\t<\/div>\n\n\t\n\n<style>\n#row-528111517 > .col > .col-inner {\n  background-color: rgb(33, 64, 154);\n}\n<\/style>\n<\/div>\n\t\t<\/div>\n\n\t\t\n<style>\n#section_1809150529 {\n  padding-top: 0px;\n  padding-bottom: 0px;\n  background-color: rgb(246, 246, 246);\n}\n#section_1809150529 .ux-shape-divider--top svg {\n  height: 150px;\n  --divider-top-width: 100%;\n}\n#section_1809150529 .ux-shape-divider--bottom svg {\n  height: 150px;\n  --divider-width: 100%;\n}\n<\/style>\n\t<\/section>\n\t\n\t<section class=\"section\" id=\"section_48170389\">\n\t\t<div class=\"bg section-bg fill bg-fill  bg-loaded\" >\n\n\t\t\t\n\t\t\t\n\t\t\t\n\n\t\t<\/div>\n\n\t\t\n\n\t\t<div class=\"section-content relative\">\n\t\t\t\n<div class=\"row row-collapse row-full-width align-middle align-center\"  id=\"row-1233809635\">\n\n\t<div id=\"col-420229675\" class=\"col medium-6 small-12 large-6\"  data-animate=\"fadeInLeft\">\n\t\t\t\t<div class=\"col-inner\"  >\n\t\t\t\n\t\t\t\n\t<div id=\"text-1163050650\" class=\"text\">\n\t\t\n<h2>T\u1ea6M NH\u00ccN<\/h2>\n\t\t\n<style>\n#text-1163050650 {\n  font-size: 1.5rem;\n}\n<\/style>\n\t<\/div>\n\t\n<p class=\"text-justify\">H\u01b0\u1edbng \u0111\u1ebfn l\u00e0 c\u00f4ng ty s\u1ea3n xu\u1ea5t ph\u1ee5 gia ng\u00e0nh \u00f4 t\u00f4 h\u00e0ng \u0111\u1ea7u Vi\u1ec7t Nam. Cung c\u1ea5p s\u1ea3n ph\u1ea9m cho to\u00e0n th\u1ecb tr\u01b0\u1eddng Vi\u1ec7t Nam v\u00e0 xu\u1ea5t kh\u1ea5u ra n\u01b0\u1edbc ngo\u00e0i.<br \/>V\u1eefng m\u1ea1nh v\u1ec1 t\u1ed5 ch\u1ee9c, l\u1edbn m\u1ea1nh v\u1ec1 th\u01b0\u01a1ng hi\u1ec7u.<\/p>\n\t\t<\/div>\n\t\t\t\t\n<style>\n#col-420229675 > .col-inner {\n  padding: 0px 20px 0px 20px;\n}\n@media (min-width:550px) {\n  #col-420229675 > .col-inner {\n    padding: 0px 50px 0px 200px;\n  }\n}\n<\/style>\n\t<\/div>\n\n\t\n\n\t<div id=\"col-685248048\" class=\"col medium-6 small-12 large-6\"  data-animate=\"fadeInDown\">\n\t\t\t\t<div class=\"col-inner text-center\"  >\n\t\t\t\n\t\t\t\n\t<div class=\"img has-hover x md-x lg-x y md-y lg-y\" id=\"image_1716059115\">\n\t\t\t\t\t\t\t\t<div class=\"img-inner image-cover dark\" style=\"padding-top:500px;\">\n\t\t\t<img loading=\"lazy\" decoding=\"async\" width=\"2560\" height=\"1440\" src=\"https:\/\/blueonemienbac.com\/wp-content\/uploads\/2022\/06\/tam-nhin-scaled.jpg\" class=\"attachment-original size-original\" alt=\"\" srcset=\"https:\/\/blueonemienbac.com\/wp-content\/uploads\/2022\/06\/tam-nhin-scaled.jpg 2560w, https:\/\/blueonemienbac.com\/wp-content\/uploads\/2022\/06\/tam-nhin-300x169.jpg 300w, https:\/\/blueonemienbac.com\/wp-content\/uploads\/2022\/06\/tam-nhin-1024x576.jpg 1024w, https:\/\/blueonemienbac.com\/wp-content\/uploads\/2022\/06\/tam-nhin-768x432.jpg 768w, https:\/\/blueonemienbac.com\/wp-content\/uploads\/2022\/06\/tam-nhin-1536x864.jpg 1536w, https:\/\/blueonemienbac.com\/wp-content\/uploads\/2022\/06\/tam-nhin-2048x1152.jpg 2048w\" sizes=\"auto, (max-width: 2560px) 100vw, 2560px\" \/>\t\t\t\t\t\t\n\t\t\t\t\t<\/div>\n\t\t\t\t\t\t\t\t\n<style>\n#image_1716059115 {\n  width: 100%;\n}\n<\/style>\n\t<\/div>\n\t\n\t\t<\/div>\n\t\t\t\t\t<\/div>\n\n\t\n<\/div>\n\t\t<\/div>\n\n\t\t\n<style>\n#section_48170389 {\n  padding-top: 0px;\n  padding-bottom: 0px;\n}\n#section_48170389 .ux-shape-divider--top svg {\n  height: 150px;\n  --divider-top-width: 100%;\n}\n#section_48170389 .ux-shape-divider--bottom svg {\n  height: 150px;\n  --divider-width: 100%;\n}\n<\/style>\n\t<\/section>\n\t\n\t<section class=\"section\" id=\"section_148502678\">\n\t\t<div class=\"bg section-bg fill bg-fill  bg-loaded\" >\n\n\t\t\t\n\t\t\t\n\t\t\t\n\n\t\t<\/div>\n\n\t\t\n\n\t\t<div class=\"section-content relative\">\n\t\t\t\n<div class=\"row row-collapse row-full-width align-middle align-center\"  id=\"row-347981378\">\n\n\t<div id=\"col-1049588996\" class=\"col medium-6 small-12 large-6\"  data-animate=\"fadeInDown\">\n\t\t\t\t<div class=\"col-inner text-center\"  >\n\t\t\t\n\t\t\t\n\t<div class=\"img has-hover x md-x lg-x y md-y lg-y\" id=\"image_40188268\">\n\t\t\t\t\t\t\t\t<div class=\"img-inner image-cover dark\" style=\"padding-top:500px;\">\n\t\t\t<img loading=\"lazy\" decoding=\"async\" width=\"2560\" height=\"1490\" src=\"https:\/\/blueonemienbac.com\/wp-content\/uploads\/2022\/06\/su-menh-scaled.jpg\" class=\"attachment-original size-original\" alt=\"\" srcset=\"https:\/\/blueonemienbac.com\/wp-content\/uploads\/2022\/06\/su-menh-scaled.jpg 2560w, https:\/\/blueonemienbac.com\/wp-content\/uploads\/2022\/06\/su-menh-300x175.jpg 300w, https:\/\/blueonemienbac.com\/wp-content\/uploads\/2022\/06\/su-menh-1024x596.jpg 1024w, https:\/\/blueonemienbac.com\/wp-content\/uploads\/2022\/06\/su-menh-768x447.jpg 768w, https:\/\/blueonemienbac.com\/wp-content\/uploads\/2022\/06\/su-menh-1536x894.jpg 1536w, https:\/\/blueonemienbac.com\/wp-content\/uploads\/2022\/06\/su-menh-2048x1192.jpg 2048w\" sizes=\"auto, (max-width: 2560px) 100vw, 2560px\" \/>\t\t\t\t\t\t\n\t\t\t\t\t<\/div>\n\t\t\t\t\t\t\t\t\n<style>\n#image_40188268 {\n  width: 100%;\n}\n<\/style>\n\t<\/div>\n\t\n\t\t<\/div>\n\t\t\t\t\t<\/div>\n\n\t\n\n\t<div id=\"col-577364778\" class=\"col medium-6 small-12 large-6\"  data-animate=\"fadeInLeft\">\n\t\t\t\t<div class=\"col-inner\"  >\n\t\t\t\n\t\t\t\n\t<div id=\"text-961488469\" class=\"text\">\n\t\t\n<h2>S\u1ee8 M\u1ec6NH<\/h2>\n\t\t\n<style>\n#text-961488469 {\n  font-size: 1.5rem;\n}\n<\/style>\n\t<\/div>\n\t\n<p class=\"text-justify\">Mang nh\u1eefng s\u1ea3n ph\u1ea9m t\u1ed1i \u01b0u ch\u1ea5t l\u01b0\u1ee3ng \u0111\u1ebfn tay ng\u01b0\u1eddi ti\u00eau d\u00f9ng, tr\u1ea3i nghi\u1ec7m c\u1ee7a ng\u01b0\u1eddi ti\u00eau d\u00f9ng l\u00e0 y\u1ebfu t\u00f4 quan tr\u1ecdng v\u00e0 \u01b0u ti\u00ean h\u00e0ng \u0111\u1ea7u.<br \/>\nG\u00f3p ph\u1ea7n x\u00e2y d\u1ef1ng \u0111\u1ea5t n\u01b0\u1edbc gi\u00e0u m\u1ea1nh, h\u1ed9i nh\u1eadp qu\u1ed1c t\u1ebf.<\/p>\n\t\t<\/div>\n\t\t\t\t\n<style>\n#col-577364778 > .col-inner {\n  padding: 0px 20px 0px 20px;\n}\n@media (min-width:550px) {\n  #col-577364778 > .col-inner {\n    padding: 0px 200px 0px 50px;\n  }\n}\n<\/style>\n\t<\/div>\n\n\t\n<\/div>\n\t\t<\/div>\n\n\t\t\n<style>\n#section_148502678 {\n  padding-top: 0px;\n  padding-bottom: 0px;\n}\n#section_148502678 .ux-shape-divider--top svg {\n  height: 150px;\n  --divider-top-width: 100%;\n}\n#section_148502678 .ux-shape-divider--bottom svg {\n  height: 150px;\n  --divider-width: 100%;\n}\n<\/style>\n\t<\/section>\n\t\n\t<section class=\"section\" id=\"section_2090937522\">\n\t\t<div class=\"bg section-bg fill bg-fill  bg-loaded\" >\n\n\t\t\t\n\t\t\t\n\t\t\t\n\n\t\t<\/div>\n\n\t\t\n\n\t\t<div class=\"section-content relative\">\n\t\t\t\n<div class=\"row\"  id=\"row-943422284\">\n\n\t<div id=\"col-2053569914\" class=\"col small-12 large-12\"  data-animate=\"fadeInUp\">\n\t\t\t\t<div class=\"col-inner text-center\"  >\n\t\t\t\n\t\t\t\n<h2><span style=\"font-size: 150%;\">GI\u00c1 TR\u1eca C\u1ed0T L\u00d5I<\/span><\/h2>\n\t\t<\/div>\n\t\t\t\t\t<\/div>\n\n\t\n\n\t<div id=\"col-814963155\" class=\"col medium-3 small-12 large-3\"  data-animate=\"fadeInLeft\">\n\t\t\t\t<div class=\"col-inner\"  >\n\t\t\t\n\t\t\t\n\n\t\t<div class=\"icon-box featured-box icon-box-center text-center\"  >\n\t\t\t\t\t<div class=\"icon-box-img\" style=\"width: 100px\">\n\t\t\t\t<div class=\"icon\">\n\t\t\t\t\t<div class=\"icon-inner\" >\n\t\t\t\t\t\t<img loading=\"lazy\" decoding=\"async\" width=\"300\" height=\"300\" src=\"https:\/\/blueonemienbac.com\/wp-content\/uploads\/2022\/06\/iconnn-01-300x300.png\" class=\"attachment-medium size-medium\" alt=\"\" srcset=\"https:\/\/blueonemienbac.com\/wp-content\/uploads\/2022\/06\/iconnn-01-300x300.png 300w, https:\/\/blueonemienbac.com\/wp-content\/uploads\/2022\/06\/iconnn-01-150x150.png 150w, https:\/\/blueonemienbac.com\/wp-content\/uploads\/2022\/06\/iconnn-01-250x250.png 250w, https:\/\/blueonemienbac.com\/wp-content\/uploads\/2022\/06\/iconnn-01.png 417w\" sizes=\"auto, (max-width: 300px) 100vw, 300px\" \/>\t\t\t\t\t<\/div>\n\t\t\t\t<\/div>\n\t\t\t<\/div>\n\t\t\t\t<div class=\"icon-box-text last-reset\">\n\t\t\t\t\t\t\t\t\t\n<h3><strong>CON NG\u01af\u1edcI<\/strong><\/h3>\n<p>Blueone xem y\u1ebfu t\u1ed1 con ng\u01b0\u1eddi l\u00e0 tr\u1ecdng t\u00e2m c\u1ee7a m\u1ecdi s\u1ef1 ph\u00e1t tri\u1ec3n. Gi\u00e1 tr\u1ecb n\u1eb1m \u1edf: \u0110\u1ea1o \u0111\u1ee9c, nh\u00e2n ph\u1ea9m, k\u1ef9 n\u0103ng s\u1ed1ng, c\u00e1ch \u1ee9ng x\u1eed, giao ti\u1ebfp<\/p>\n\t\t<\/div>\n\t<\/div>\n\t\n\t\n\t\t<\/div>\n\t\t\t\t\t<\/div>\n\n\t\n\n\t<div id=\"col-896549200\" class=\"col medium-3 small-12 large-3\"  data-animate=\"fadeInUp\">\n\t\t\t\t<div class=\"col-inner\"  >\n\t\t\t\n\t\t\t\n\n\t\t<div class=\"icon-box featured-box icon-box-center text-center\"  >\n\t\t\t\t\t<div class=\"icon-box-img\" style=\"width: 100px\">\n\t\t\t\t<div class=\"icon\">\n\t\t\t\t\t<div class=\"icon-inner\" >\n\t\t\t\t\t\t<img loading=\"lazy\" decoding=\"async\" width=\"300\" height=\"300\" src=\"https:\/\/blueonemienbac.com\/wp-content\/uploads\/2022\/06\/iconnn-02-300x300.png\" class=\"attachment-medium size-medium\" alt=\"\" srcset=\"https:\/\/blueonemienbac.com\/wp-content\/uploads\/2022\/06\/iconnn-02-300x300.png 300w, https:\/\/blueonemienbac.com\/wp-content\/uploads\/2022\/06\/iconnn-02-150x150.png 150w, https:\/\/blueonemienbac.com\/wp-content\/uploads\/2022\/06\/iconnn-02-250x250.png 250w, https:\/\/blueonemienbac.com\/wp-content\/uploads\/2022\/06\/iconnn-02.png 417w\" sizes=\"auto, (max-width: 300px) 100vw, 300px\" \/>\t\t\t\t\t<\/div>\n\t\t\t\t<\/div>\n\t\t\t<\/div>\n\t\t\t\t<div class=\"icon-box-text last-reset\">\n\t\t\t\t\t\t\t\t\t\n<h3><strong>B\u1ec0N V\u1eeeNG<\/strong><\/h3>\n<p>T\u00e0i s\u1ea3n b\u1ec1n v\u1eefng ph\u1ee5c v\u1ee5 thi\u1ebft y\u1ebfu cho s\u1ef1 ph\u00e1t tri\u1ec3n kinh t\u1ebf &#8211; x\u00e3 h\u1ed9i l\u00e0 m\u1ee5c ti\u00eau v\u00e0 l\u00e0 m\u1ed1i quan t\u00e2m h\u00e0ng \u0111\u1ea7u c\u1ee7a ch\u00fang t\u00f4i.<\/p>\n\t\t<\/div>\n\t<\/div>\n\t\n\t\n\t\t<\/div>\n\t\t\t\t\t<\/div>\n\n\t\n\n\t<div id=\"col-722133434\" class=\"col medium-3 small-12 large-3\"  data-animate=\"fadeInDown\">\n\t\t\t\t<div class=\"col-inner\"  >\n\t\t\t\n\t\t\t\n\n\t\t<div class=\"icon-box featured-box icon-box-center text-center\"  >\n\t\t\t\t\t<div class=\"icon-box-img\" style=\"width: 100px\">\n\t\t\t\t<div class=\"icon\">\n\t\t\t\t\t<div class=\"icon-inner\" >\n\t\t\t\t\t\t<img loading=\"lazy\" decoding=\"async\" width=\"300\" height=\"300\" src=\"https:\/\/blueonemienbac.com\/wp-content\/uploads\/2022\/06\/iconnn-03-300x300.png\" class=\"attachment-medium size-medium\" alt=\"\" srcset=\"https:\/\/blueonemienbac.com\/wp-content\/uploads\/2022\/06\/iconnn-03-300x300.png 300w, https:\/\/blueonemienbac.com\/wp-content\/uploads\/2022\/06\/iconnn-03-150x150.png 150w, https:\/\/blueonemienbac.com\/wp-content\/uploads\/2022\/06\/iconnn-03-250x250.png 250w, https:\/\/blueonemienbac.com\/wp-content\/uploads\/2022\/06\/iconnn-03.png 417w\" sizes=\"auto, (max-width: 300px) 100vw, 300px\" \/>\t\t\t\t\t<\/div>\n\t\t\t\t<\/div>\n\t\t\t<\/div>\n\t\t\t\t<div class=\"icon-box-text last-reset\">\n\t\t\t\t\t\t\t\t\t\n<h3><strong>CHUY\u00caN NGHI\u1ec6P<\/strong><\/h3>\n<p>T\u1ea1i Blueone chuy\u00ean m\u00f4n h\u00f3a t\u1ea5t c\u1ea3 c\u00e1c kh\u00e2u l\u00e0m vi\u1ec7c nh\u1eb1m \u0111\u1ea1t \u0111\u01b0\u1ee3c k\u1ebft qu\u1ea3 ho\u00e0n thi\u1ec7n ch\u1ea5t l\u01b0\u1ee3ng cao nh\u1ea5t.<\/p>\n\t\t<\/div>\n\t<\/div>\n\t\n\t\n\t\t<\/div>\n\t\t\t\t\t<\/div>\n\n\t\n\n\t<div id=\"col-1168840054\" class=\"col medium-3 small-12 large-3\"  data-animate=\"fadeInRight\">\n\t\t\t\t<div class=\"col-inner\"  >\n\t\t\t\n\t\t\t\n\n\t\t<div class=\"icon-box featured-box icon-box-center text-center\"  >\n\t\t\t\t\t<div class=\"icon-box-img\" style=\"width: 100px\">\n\t\t\t\t<div class=\"icon\">\n\t\t\t\t\t<div class=\"icon-inner\" >\n\t\t\t\t\t\t<img loading=\"lazy\" decoding=\"async\" width=\"300\" height=\"300\" src=\"https:\/\/blueonemienbac.com\/wp-content\/uploads\/2022\/06\/iconnn-04-300x300.png\" class=\"attachment-medium size-medium\" alt=\"\" srcset=\"https:\/\/blueonemienbac.com\/wp-content\/uploads\/2022\/06\/iconnn-04-300x300.png 300w, https:\/\/blueonemienbac.com\/wp-content\/uploads\/2022\/06\/iconnn-04-150x150.png 150w, https:\/\/blueonemienbac.com\/wp-content\/uploads\/2022\/06\/iconnn-04-250x250.png 250w, https:\/\/blueonemienbac.com\/wp-content\/uploads\/2022\/06\/iconnn-04.png 417w\" sizes=\"auto, (max-width: 300px) 100vw, 300px\" \/>\t\t\t\t\t<\/div>\n\t\t\t\t<\/div>\n\t\t\t<\/div>\n\t\t\t\t<div class=\"icon-box-text last-reset\">\n\t\t\t\t\t\t\t\t\t\n<h3><strong>TH\u1eacN TR\u1eccNG<\/strong><\/h3>\n<p>Ch\u00fang t\u00f4i th\u1ef1c hi\u1ec7n th\u1eadn tr\u1ecdng v\u00e0 qu\u1ea3n l\u00fd r\u1ee7i ro b\u1eb1ng tr\u00e1ch nhi\u1ec7m v\u00e0 s\u1ef1 t\u1eadn t\u00e2m nh\u1eb1m \u0111\u1ea1t \u0111\u01b0\u1ee3c nh\u1eefng t\u00e0i s\u1ea3n b\u1ec1n v\u1eefng nh\u1ea5t.<\/p>\n\t\t<\/div>\n\t<\/div>\n\t\n\t\n\t\t<\/div>\n\t\t\t\t\t<\/div>\n\n\t\n<\/div>\n\t\t<\/div>\n\n\t\t\n<style>\n#section_2090937522 {\n  padding-top: 30px;\n  padding-bottom: 30px;\n}\n#section_2090937522 .ux-shape-divider--top svg {\n  height: 150px;\n  --divider-top-width: 100%;\n}\n#section_2090937522 .ux-shape-divider--bottom svg {\n  height: 150px;\n  --divider-width: 100%;\n}\n<\/style>\n\t<\/section>\n\t\n\t<section class=\"section\" id=\"section_376909771\">\n\t\t<div class=\"bg section-bg fill bg-fill  bg-loaded\" >\n\n\t\t\t\n\t\t\t\n\t\t\t\n\n\t\t<\/div>\n\n\t\t\n\n\t\t<div class=\"section-content relative\">\n\t\t\t\n<div class=\"row\"  id=\"row-1641124721\">\n\n\t<div id=\"col-1426075179\" class=\"col small-12 large-12\"  >\n\t\t\t\t<div class=\"col-inner text-center\"  >\n\t\t\t\n\t\t\t\n\t<div id=\"text-3908162523\" class=\"text\">\n\t\t\n<h2>D\u1ea4U M\u1ed0C PH\u00c1T TRI\u1ec2N<\/h2>\n\t\t\n<style>\n#text-3908162523 {\n  font-size: 1.5rem;\n  text-align: center;\n}\n<\/style>\n\t<\/div>\n\t\n\t\t<\/div>\n\t\t\t\t\t<\/div>\n\n\t\n<\/div>\n\t\t<\/div>\n\n\t\t\n<style>\n#section_376909771 {\n  padding-top: 30px;\n  padding-bottom: 30px;\n}\n#section_376909771 .ux-shape-divider--top svg {\n  height: 150px;\n  --divider-top-width: 100%;\n}\n#section_376909771 .ux-shape-divider--bottom svg {\n  height: 150px;\n  --divider-width: 100%;\n}\n<\/style>\n\t<\/section>\n\t\n","protected":false},"excerpt":{"rendered":"","protected":false},"author":1,"featured_media":0,"parent":0,"menu_order":0,"comment_status":"closed","ping_status":"closed","template":"","meta":{"footnotes":""},"class_list":["post-21","page","type-page","status-publish","hentry"],"_links":{"self":[{"href":"https:\/\/blueonemienbac.com\/index.php?rest_route=\/wp\/v2\/pages\/21","targetHints":{"allow":["GET"]}}],"collection":[{"href":"https:\/\/blueonemienbac.com\/index.php?rest_route=\/wp\/v2\/pages"}],"about":[{"href":"https:\/\/blueonemienbac.com\/index.php?rest_route=\/wp\/v2\/types\/page"}],"author":[{"embeddable":true,"href":"https:\/\/blueonemienbac.com\/index.php?rest_route=\/wp\/v2\/users\/1"}],"replies":[{"embeddable":true,"href":"https:\/\/blueonemienbac.com\/index.php?rest_route=%2Fwp%2Fv2%2Fcomments&post=21"}],"version-history":[{"count":28,"href":"https:\/\/blueonemienbac.com\/index.php?rest_route=\/wp\/v2\/pages\/21\/revisions"}],"predecessor-version":[{"id":532,"href":"https:\/\/blueonemienbac.com\/index.php?rest_route=\/wp\/v2\/pages\/21\/revisions\/532"}],"wp:attachment":[{"href":"https:\/\/blueonemienbac.com\/index.php?rest_route=%2Fwp%2Fv2%2Fmedia&parent=21"}],"curies":[{"name":"wp","href":"https:\/\/api.w.org\/{rel}","templated":true}]}}