{"id":14,"date":"2022-06-13T02:31:47","date_gmt":"2022-06-13T02:31:47","guid":{"rendered":"https:\/\/blueonemienbac.com\/cua-hang\/"},"modified":"2023-07-20T07:04:54","modified_gmt":"2023-07-20T07:04:54","slug":"san-pham","status":"publish","type":"page","link":"https:\/\/blueonemienbac.com\/?page_id=14","title":{"rendered":"S\u1ea2N PH\u1ea8M"},"content":{"rendered":"<div class=\"slider-wrapper relative\" id=\"slider-63755024\" >\n    <div class=\"slider slider-nav-simple slider-nav-large slider-nav-light slider-style-normal slider-show-nav\"\n        data-flickity-options='{\n            \"cellAlign\": \"center\",\n            \"imagesLoaded\": true,\n            \"lazyLoad\": 1,\n            \"freeScroll\": false,\n            \"wrapAround\": true,\n            \"autoPlay\": 6000,\n            \"pauseAutoPlayOnHover\" : true,\n            \"prevNextButtons\": true,\n            \"contain\" : true,\n            \"adaptiveHeight\" : true,\n            \"dragThreshold\" : 10,\n            \"percentPosition\": true,\n            \"pageDots\": true,\n            \"rightToLeft\": false,\n            \"draggable\": true,\n            \"selectedAttraction\": 0.1,\n            \"parallax\" : 0,\n            \"friction\": 0.6        }'\n        >\n        \n\n  <div class=\"banner has-hover\" id=\"banner-646705361\">\n          <div class=\"banner-inner fill\">\n        <div class=\"banner-bg fill\" >\n            <div class=\"bg fill bg-fill \"><\/div>\n                                    \n                    <\/div>\n\t\t\n        <div class=\"banner-layers container\">\n            <div class=\"fill banner-link\"><\/div>            \n   <div id=\"text-box-306421158\" class=\"text-box banner-layer x5 md-x5 lg-x5 y10 md-y10 lg-y10 res-text\">\n                                <div class=\"text-box-content text dark\">\n              \n              <div class=\"text-inner text-left\">\n                  \n<h4>DUNG D\u1ecaCH X\u1eec L\u00dd KH\u00cd TH\u1ea2I \u0110\u1ed8NG C\u01a0 DIESEL BLUEONE<\/h4>\n<p>\u0110\u00e1p \u1ee9ng ti\u00eau chu\u1ea9n ISO 22241, DIN70070<\/p>\n              <\/div>\n           <\/div>\n                            \n<style>\n#text-box-306421158 .text-box-content {\n  background-color: rgba(0, 0, 0, 0.6);\n  font-size: 60%;\n}\n#text-box-306421158 .text-inner {\n  padding: 5px 5px 5px 15px;\n}\n#text-box-306421158 {\n  width: 50%;\n}\n@media (min-width:550px) {\n  #text-box-306421158 .text-inner {\n    padding: 10px 20px 10px 20px;\n  }\n  #text-box-306421158 {\n    width: 62%;\n  }\n  #text-box-306421158 .text-box-content {\n    font-size: 100%;\n  }\n}\n<\/style>\n    <\/div>\n \n        <\/div>\n      <\/div>\n\n            \n<style>\n#banner-646705361 {\n  padding-top: 170px;\n}\n#banner-646705361 .bg.bg-loaded {\n  background-image: url(https:\/\/blueonemienbac.com\/wp-content\/uploads\/2022\/06\/banner1.jpg);\n}\n#banner-646705361 .bg {\n  background-position: 0% 34%;\n}\n#banner-646705361 .ux-shape-divider--top svg {\n  height: 150px;\n  --divider-top-width: 100%;\n}\n#banner-646705361 .ux-shape-divider--bottom svg {\n  height: 150px;\n  --divider-width: 100%;\n}\n@media (min-width:550px) {\n  #banner-646705361 {\n    padding-top: 450px;\n  }\n}\n<\/style>\n  <\/div>\n\n\n\n  <div class=\"banner has-hover\" id=\"banner-2110518886\">\n          <div class=\"banner-inner fill\">\n        <div class=\"banner-bg fill\" >\n            <div class=\"bg fill bg-fill \"><\/div>\n                                    \n                    <\/div>\n\t\t\n        <div class=\"banner-layers container\">\n            <div class=\"fill banner-link\"><\/div>            \n   <div id=\"text-box-306627451\" class=\"text-box banner-layer x5 md-x5 lg-x5 y10 md-y10 lg-y10 res-text\">\n                                <div class=\"text-box-content text dark\">\n              \n              <div class=\"text-inner text-left\">\n                  \n<h4>DUNG D\u1ecaCH X\u1eec L\u00dd KH\u00cd TH\u1ea2I \u0110\u1ed8NG C\u01a0 T\u00c0U BI\u1ec2N AUS40<\/h4>\n<p>Ph\u00f9 h\u1ee3p ti\u00eau chu\u1ea9n ISO 22241 &amp; DIN70070<\/p>\n              <\/div>\n           <\/div>\n                            \n<style>\n#text-box-306627451 .text-box-content {\n  background-color: rgba(0, 0, 0, 0.6);\n  font-size: 60%;\n}\n#text-box-306627451 .text-inner {\n  padding: 5px 5px 5px 15px;\n}\n#text-box-306627451 {\n  width: 50%;\n}\n@media (min-width:550px) {\n  #text-box-306627451 .text-inner {\n    padding: 10px 20px 10px 20px;\n  }\n  #text-box-306627451 {\n    width: 62%;\n  }\n  #text-box-306627451 .text-box-content {\n    font-size: 100%;\n  }\n}\n<\/style>\n    <\/div>\n \n        <\/div>\n      <\/div>\n\n            \n<style>\n#banner-2110518886 {\n  padding-top: 170px;\n}\n#banner-2110518886 .bg.bg-loaded {\n  background-image: url(https:\/\/blueonemienbac.com\/wp-content\/uploads\/2022\/06\/banner2.jpg);\n}\n#banner-2110518886 .bg {\n  background-position: 12% 80%;\n}\n#banner-2110518886 .ux-shape-divider--top svg {\n  height: 150px;\n  --divider-top-width: 100%;\n}\n#banner-2110518886 .ux-shape-divider--bottom svg {\n  height: 150px;\n  --divider-width: 100%;\n}\n@media (min-width:550px) {\n  #banner-2110518886 {\n    padding-top: 450px;\n  }\n}\n<\/style>\n  <\/div>\n\n\n\n  <div class=\"banner has-hover\" id=\"banner-471182291\">\n          <div class=\"banner-inner fill\">\n        <div class=\"banner-bg fill\" >\n            <div class=\"bg fill bg-fill \"><\/div>\n                                    \n                    <\/div>\n\t\t\n        <div class=\"banner-layers container\">\n            <div class=\"fill banner-link\"><\/div>            \n   <div id=\"text-box-120612587\" class=\"text-box banner-layer x5 md-x5 lg-x5 y10 md-y10 lg-y10 res-text\">\n                                <div class=\"text-box-content text dark\">\n              \n              <div class=\"text-inner text-left\">\n                  \n<h4>\u0110\u1ea0I L\u00dd<\/h4>\n<p>\u0110\u1ea1i l\u00fd tr\u1ea3i d\u00e0i tr\u00ean c\u00e1c cung \u0111\u01b0\u1eddng.<\/p>\n              <\/div>\n           <\/div>\n                            \n<style>\n#text-box-120612587 .text-box-content {\n  background-color: rgba(0, 0, 0, 0.6);\n  font-size: 60%;\n}\n#text-box-120612587 .text-inner {\n  padding: 5px 5px 5px 15px;\n}\n#text-box-120612587 {\n  width: 50%;\n}\n@media (min-width:550px) {\n  #text-box-120612587 .text-inner {\n    padding: 10px 20px 10px 20px;\n  }\n  #text-box-120612587 {\n    width: 62%;\n  }\n  #text-box-120612587 .text-box-content {\n    font-size: 100%;\n  }\n}\n<\/style>\n    <\/div>\n \n        <\/div>\n      <\/div>\n\n            \n<style>\n#banner-471182291 {\n  padding-top: 170px;\n}\n#banner-471182291 .bg.bg-loaded {\n  background-image: url(https:\/\/blueonemienbac.com\/wp-content\/uploads\/2022\/06\/banner3.jpg);\n}\n#banner-471182291 .bg {\n  background-position: 20% 0%;\n}\n#banner-471182291 .ux-shape-divider--top svg {\n  height: 150px;\n  --divider-top-width: 100%;\n}\n#banner-471182291 .ux-shape-divider--bottom svg {\n  height: 150px;\n  --divider-width: 100%;\n}\n@media (min-width:550px) {\n  #banner-471182291 {\n    padding-top: 450px;\n  }\n}\n<\/style>\n  <\/div>\n\n\n     <\/div>\n\n     <div class=\"loading-spin dark large centered\"><\/div>\n\n     \t<\/div>\n\n\n\t<section class=\"section\" id=\"section_679145718\">\n\t\t<div class=\"bg section-bg fill bg-fill  bg-loaded\" >\n\n\t\t\t\n\t\t\t\n\t\t\t\n\n\t\t<\/div>\n\n\t\t\n\n\t\t<div class=\"section-content relative\">\n\t\t\t\n<div class=\"row row-collapse row-full-width align-middle align-center\"  id=\"row-1636500520\">\n\n\t<div id=\"col-251479723\" class=\"col medium-6 small-12 large-6\"  data-animate=\"fadeInDown\">\n\t\t\t\t<div class=\"col-inner text-center\"  >\n\t\t\t\n\t\t\t\n\t<div class=\"img has-hover x md-x lg-x y md-y lg-y\" id=\"image_1430591562\">\n\t\t\t\t\t\t\t\t<div class=\"img-inner image-cover dark\" style=\"padding-top:500px;\">\n\t\t\t<img loading=\"lazy\" decoding=\"async\" width=\"623\" height=\"350\" src=\"https:\/\/blueonemienbac.com\/wp-content\/uploads\/2022\/06\/20171120144133.jpg\" class=\"attachment-original size-original\" alt=\"\" srcset=\"https:\/\/blueonemienbac.com\/wp-content\/uploads\/2022\/06\/20171120144133.jpg 623w, https:\/\/blueonemienbac.com\/wp-content\/uploads\/2022\/06\/20171120144133-300x169.jpg 300w\" sizes=\"auto, (max-width: 623px) 100vw, 623px\" \/>\t\t\t\t\t\t\n\t\t\t\t\t<\/div>\n\t\t\t\t\t\t\t\t\n<style>\n#image_1430591562 {\n  width: 100%;\n}\n<\/style>\n\t<\/div>\n\t\n\t\t<\/div>\n\t\t\t\t\t<\/div>\n\n\t\n\n\t<div id=\"col-189897890\" class=\"col medium-6 small-12 large-6\"  data-animate=\"fadeInLeft\">\n\t\t\t\t<div class=\"col-inner\"  >\n\t\t\t\n\t\t\t\n\t<div id=\"text-2130497137\" class=\"text\">\n\t\t\n<h2>DUNG D\u1ecaCH X\u1eec L\u00dd KH\u00cd TH\u1ea2I \u0110\u1ed8NG C\u01a0 DIESEL D\u00c0NH CHO \u00d4 T\u00d4 (AdBlue\/DEF\/AUS32).<\/h2>\n\t\t\n<style>\n#text-2130497137 {\n  font-size: 1.2rem;\n}\n<\/style>\n\t<\/div>\n\t\n<a href=\"https:\/\/blueonemienbac.com\/san-pham\/dung-dich-xu-ly-khi-thai-dong-co-diesel-danh-cho-o-to-adblue-def-aus32\/\" target=\"_self\" class=\"button primary\"  style=\"border-radius:99px;\">\n    <span>xem th\u00eam<\/span>\n  <\/a>\n\n\t\t<\/div>\n\t\t\t\t\n<style>\n#col-189897890 > .col-inner {\n  padding: 0px 20px 0px 20px;\n}\n@media (min-width:550px) {\n  #col-189897890 > .col-inner {\n    padding: 0px 200px 0px 50px;\n  }\n}\n<\/style>\n\t<\/div>\n\n\t\n<\/div>\n\t\t<\/div>\n\n\t\t\n<style>\n#section_679145718 {\n  padding-top: 0px;\n  padding-bottom: 0px;\n}\n#section_679145718 .ux-shape-divider--top svg {\n  height: 150px;\n  --divider-top-width: 100%;\n}\n#section_679145718 .ux-shape-divider--bottom svg {\n  height: 150px;\n  --divider-width: 100%;\n}\n<\/style>\n\t<\/section>\n\t\n\t<section class=\"section\" id=\"section_2077780371\">\n\t\t<div class=\"bg section-bg fill bg-fill  bg-loaded\" >\n\n\t\t\t\n\t\t\t\n\t\t\t\n\n\t\t<\/div>\n\n\t\t\n\n\t\t<div class=\"section-content relative\">\n\t\t\t\n<div class=\"row row-collapse row-full-width align-middle align-center\"  id=\"row-528955806\">\n\n\t<div id=\"col-127217949\" class=\"col medium-6 small-12 large-6\"  data-animate=\"fadeInLeft\">\n\t\t\t\t<div class=\"col-inner\"  >\n\t\t\t\n\t\t\t\n\t<div id=\"text-316920351\" class=\"text\">\n\t\t\n<h2>DUNG D\u1ecaCH X\u1eec L\u00dd KH\u00cd TH\u1ea2I \u0110\u1ed8NG C\u01a0 DIESEL D\u00c0NH CHO T\u00c0U TH\u1ee6Y (AUS40)<\/h2>\n\t\t\n<style>\n#text-316920351 {\n  font-size: 1.2rem;\n}\n<\/style>\n\t<\/div>\n\t\n<a href=\"https:\/\/blueonemienbac.com\/san-pham\/dung-dich-xu-ly-khi-thai-dong-co-diesel-danh-cho-tau-thuy-aus40\/\" target=\"_self\" class=\"button primary\"  style=\"border-radius:99px;\">\n    <span>xem th\u00eam<\/span>\n  <\/a>\n\n\t\t<\/div>\n\t\t\t\t\n<style>\n#col-127217949 > .col-inner {\n  padding: 0px 20px 0px 20px;\n}\n@media (min-width:550px) {\n  #col-127217949 > .col-inner {\n    padding: 0px 50px 0px 200px;\n  }\n}\n<\/style>\n\t<\/div>\n\n\t\n\n\t<div id=\"col-320266152\" class=\"col medium-6 small-12 large-6\"  data-animate=\"fadeInDown\">\n\t\t\t\t<div class=\"col-inner text-center\"  >\n\t\t\t\n\t\t\t\n\t<div class=\"img has-hover x md-x lg-x y md-y lg-y\" id=\"image_808669842\">\n\t\t\t\t\t\t\t\t<div class=\"img-inner image-cover dark\" style=\"padding-top:500px;\">\n\t\t\t<img loading=\"lazy\" decoding=\"async\" width=\"2000\" height=\"1238\" src=\"https:\/\/blueonemienbac.com\/wp-content\/uploads\/2022\/06\/z3524202424825_1a64513fd96c78deef9d9df49f309582.jpg\" class=\"attachment-original size-original\" alt=\"\" srcset=\"https:\/\/blueonemienbac.com\/wp-content\/uploads\/2022\/06\/z3524202424825_1a64513fd96c78deef9d9df49f309582.jpg 2000w, https:\/\/blueonemienbac.com\/wp-content\/uploads\/2022\/06\/z3524202424825_1a64513fd96c78deef9d9df49f309582-300x186.jpg 300w, https:\/\/blueonemienbac.com\/wp-content\/uploads\/2022\/06\/z3524202424825_1a64513fd96c78deef9d9df49f309582-1024x634.jpg 1024w, https:\/\/blueonemienbac.com\/wp-content\/uploads\/2022\/06\/z3524202424825_1a64513fd96c78deef9d9df49f309582-768x475.jpg 768w, https:\/\/blueonemienbac.com\/wp-content\/uploads\/2022\/06\/z3524202424825_1a64513fd96c78deef9d9df49f309582-1536x951.jpg 1536w\" sizes=\"auto, (max-width: 2000px) 100vw, 2000px\" \/>\t\t\t\t\t\t\n\t\t\t\t\t<\/div>\n\t\t\t\t\t\t\t\t\n<style>\n#image_808669842 {\n  width: 100%;\n}\n<\/style>\n\t<\/div>\n\t\n\t\t<\/div>\n\t\t\t\t\t<\/div>\n\n\t\n<\/div>\n\t\t<\/div>\n\n\t\t\n<style>\n#section_2077780371 {\n  padding-top: 0px;\n  padding-bottom: 0px;\n}\n#section_2077780371 .ux-shape-divider--top svg {\n  height: 150px;\n  --divider-top-width: 100%;\n}\n#section_2077780371 .ux-shape-divider--bottom svg {\n  height: 150px;\n  --divider-width: 100%;\n}\n<\/style>\n\t<\/section>\n\t\n\t<section class=\"section\" id=\"section_1642801232\">\n\t\t<div class=\"bg section-bg fill bg-fill  bg-loaded\" >\n\n\t\t\t\n\t\t\t\n\t\t\t\n\n\t\t<\/div>\n\n\t\t\n\n\t\t<div class=\"section-content relative\">\n\t\t\t\n<div class=\"row row-collapse row-full-width align-middle align-center\"  id=\"row-961065434\">\n\n\t<div id=\"col-2012733082\" class=\"col medium-6 small-12 large-6\"  data-animate=\"fadeInDown\">\n\t\t\t\t<div class=\"col-inner text-center\"  >\n\t\t\t\n\t\t\t\n\t<div class=\"img has-hover x md-x lg-x y md-y lg-y\" id=\"image_183066640\">\n\t\t\t\t\t\t\t\t<div class=\"img-inner image-cover dark\" style=\"padding-top:500px;\">\n\t\t\t<img loading=\"lazy\" decoding=\"async\" width=\"960\" height=\"1280\" src=\"https:\/\/blueonemienbac.com\/wp-content\/uploads\/2023\/07\/z4348150567938_30448865582b256bade7fc955ab8ddda.jpg\" class=\"attachment-original size-original\" alt=\"\" srcset=\"https:\/\/blueonemienbac.com\/wp-content\/uploads\/2023\/07\/z4348150567938_30448865582b256bade7fc955ab8ddda.jpg 960w, https:\/\/blueonemienbac.com\/wp-content\/uploads\/2023\/07\/z4348150567938_30448865582b256bade7fc955ab8ddda-225x300.jpg 225w, https:\/\/blueonemienbac.com\/wp-content\/uploads\/2023\/07\/z4348150567938_30448865582b256bade7fc955ab8ddda-768x1024.jpg 768w\" sizes=\"auto, (max-width: 960px) 100vw, 960px\" \/>\t\t\t\t\t\t\n\t\t\t\t\t<\/div>\n\t\t\t\t\t\t\t\t\n<style>\n#image_183066640 {\n  width: 100%;\n}\n<\/style>\n\t<\/div>\n\t\n\t\t<\/div>\n\t\t\t\t\t<\/div>\n\n\t\n\n\t<div id=\"col-1617822072\" class=\"col medium-6 small-12 large-6\"  data-animate=\"fadeInLeft\">\n\t\t\t\t<div class=\"col-inner\"  >\n\t\t\t\n\t\t\t\n\t<div id=\"text-3175006537\" class=\"text\">\n\t\t\n<h2>DUNG D\u1ecaCH L\u00c0M M\u00c1T \u0110\u1ed8NG C\u01a0 (BlueOne Coolant)<\/h2>\n\t\t\n<style>\n#text-3175006537 {\n  font-size: 1.2rem;\n}\n<\/style>\n\t<\/div>\n\t\n<a href=\"https:\/\/blueonemienbac.com\/san-pham\/dung-dich-lam-mat-dong-co-blueone-coolant\/\" target=\"_self\" class=\"button primary\"  style=\"border-radius:99px;\">\n    <span>xem th\u00eam<\/span>\n  <\/a>\n\n\t\t<\/div>\n\t\t\t\t\n<style>\n#col-1617822072 > .col-inner {\n  padding: 0px 20px 0px 20px;\n}\n@media (min-width:550px) {\n  #col-1617822072 > .col-inner {\n    padding: 0px 200px 0px 50px;\n  }\n}\n<\/style>\n\t<\/div>\n\n\t\n<\/div>\n\t\t<\/div>\n\n\t\t\n<style>\n#section_1642801232 {\n  padding-top: 0px;\n  padding-bottom: 0px;\n}\n#section_1642801232 .ux-shape-divider--top svg {\n  height: 150px;\n  --divider-top-width: 100%;\n}\n#section_1642801232 .ux-shape-divider--bottom svg {\n  height: 150px;\n  --divider-width: 100%;\n}\n<\/style>\n\t<\/section>\n\t\n\t<section class=\"section\" id=\"section_1996912541\">\n\t\t<div class=\"bg section-bg fill bg-fill  bg-loaded\" >\n\n\t\t\t\n\t\t\t\n\t\t\t\n\n\t\t<\/div>\n\n\t\t\n\n\t\t<div class=\"section-content relative\">\n\t\t\t\n<div class=\"row row-collapse row-full-width align-middle align-center\"  id=\"row-1512397616\">\n\n\t<div id=\"col-1656332646\" class=\"col medium-6 small-12 large-6\"  data-animate=\"fadeInLeft\">\n\t\t\t\t<div class=\"col-inner\"  >\n\t\t\t\n\t\t\t\n\t<div id=\"text-1872273785\" class=\"text\">\n\t\t\n<h2>DUNG D\u1ecaCH V\u1ec6 SINH B\u1ea6U L\u1eccC KH\u00cd X\u1ea2 (DPF Cleaner), V\u1ec6 SINH H\u1ec6 TH\u1ed0NG TU\u1ea6N HO\u00c0N KH\u00cd X\u1ea2 EGR, V\u1ec6 SINH BU\u1ed2NG \u0110\u1ed0T<\/h2>\n\t\t\n<style>\n#text-1872273785 {\n  font-size: 1.2rem;\n}\n<\/style>\n\t<\/div>\n\t\n<a href=\"https:\/\/blueonemienbac.com\/san-pham\/dung-dich-ve-sinh-bo-loc-hat-dpf-cleaner-ve-sinh-he-thong-tuan-hoan-khi-xa-egr-ve-sinh-buong-dot\/\" target=\"_self\" class=\"button primary\"  style=\"border-radius:99px;\">\n    <span>xem th\u00eam<\/span>\n  <\/a>\n\n\t\t<\/div>\n\t\t\t\t\n<style>\n#col-1656332646 > .col-inner {\n  padding: 0px 20px 0px 20px;\n}\n@media (min-width:550px) {\n  #col-1656332646 > .col-inner {\n    padding: 0px 50px 0px 200px;\n  }\n}\n<\/style>\n\t<\/div>\n\n\t\n\n\t<div id=\"col-188621562\" class=\"col medium-6 small-12 large-6\"  data-animate=\"fadeInDown\">\n\t\t\t\t<div class=\"col-inner text-center\"  >\n\t\t\t\n\t\t\t\n\t<div class=\"img has-hover x md-x lg-x y md-y lg-y\" id=\"image_610812512\">\n\t\t\t\t\t\t\t\t<div class=\"img-inner image-cover dark\" style=\"padding-top:500px;\">\n\t\t\t<img loading=\"lazy\" decoding=\"async\" width=\"1280\" height=\"1280\" src=\"https:\/\/blueonemienbac.com\/wp-content\/uploads\/2023\/06\/z4413238555815_4e5f2342ea26e68ef39e9ca895c6fb7f.jpg\" class=\"attachment-original size-original\" alt=\"\" srcset=\"https:\/\/blueonemienbac.com\/wp-content\/uploads\/2023\/06\/z4413238555815_4e5f2342ea26e68ef39e9ca895c6fb7f.jpg 1280w, https:\/\/blueonemienbac.com\/wp-content\/uploads\/2023\/06\/z4413238555815_4e5f2342ea26e68ef39e9ca895c6fb7f-300x300.jpg 300w, https:\/\/blueonemienbac.com\/wp-content\/uploads\/2023\/06\/z4413238555815_4e5f2342ea26e68ef39e9ca895c6fb7f-1024x1024.jpg 1024w, https:\/\/blueonemienbac.com\/wp-content\/uploads\/2023\/06\/z4413238555815_4e5f2342ea26e68ef39e9ca895c6fb7f-150x150.jpg 150w, https:\/\/blueonemienbac.com\/wp-content\/uploads\/2023\/06\/z4413238555815_4e5f2342ea26e68ef39e9ca895c6fb7f-768x768.jpg 768w, https:\/\/blueonemienbac.com\/wp-content\/uploads\/2023\/06\/z4413238555815_4e5f2342ea26e68ef39e9ca895c6fb7f-250x250.jpg 250w\" sizes=\"auto, (max-width: 1280px) 100vw, 1280px\" \/>\t\t\t\t\t\t\n\t\t\t\t\t<\/div>\n\t\t\t\t\t\t\t\t\n<style>\n#image_610812512 {\n  width: 100%;\n}\n<\/style>\n\t<\/div>\n\t\n\t\t<\/div>\n\t\t\t\t\t<\/div>\n\n\t\n<\/div>\n\t\t<\/div>\n\n\t\t\n<style>\n#section_1996912541 {\n  padding-top: 0px;\n  padding-bottom: 0px;\n}\n#section_1996912541 .ux-shape-divider--top svg {\n  height: 150px;\n  --divider-top-width: 100%;\n}\n#section_1996912541 .ux-shape-divider--bottom svg {\n  height: 150px;\n  --divider-width: 100%;\n}\n<\/style>\n\t<\/section>\n\t\n\t<section class=\"section\" id=\"section_1279166595\">\n\t\t<div class=\"bg section-bg fill bg-fill  bg-loaded\" >\n\n\t\t\t\n\t\t\t\n\t\t\t\n\n\t\t<\/div>\n\n\t\t\n\n\t\t<div class=\"section-content relative\">\n\t\t\t\n<div class=\"row row-collapse row-full-width align-middle align-center\"  id=\"row-669401844\">\n\n\t<div id=\"col-1111613983\" class=\"col medium-6 small-12 large-6\"  data-animate=\"fadeInDown\">\n\t\t\t\t<div class=\"col-inner text-center\"  >\n\t\t\t\n\t\t\t\n\t<div class=\"img has-hover x md-x lg-x y md-y lg-y\" id=\"image_934341678\">\n\t\t\t\t\t\t\t\t<div class=\"img-inner image-cover dark\" style=\"padding-top:500px;\">\n\t\t\t<img loading=\"lazy\" decoding=\"async\" width=\"908\" height=\"503\" src=\"https:\/\/blueonemienbac.com\/wp-content\/uploads\/2023\/07\/Screenshot-2023-06-30-151145.png\" class=\"attachment-original size-original\" alt=\"\" srcset=\"https:\/\/blueonemienbac.com\/wp-content\/uploads\/2023\/07\/Screenshot-2023-06-30-151145.png 908w, https:\/\/blueonemienbac.com\/wp-content\/uploads\/2023\/07\/Screenshot-2023-06-30-151145-300x166.png 300w, https:\/\/blueonemienbac.com\/wp-content\/uploads\/2023\/07\/Screenshot-2023-06-30-151145-768x425.png 768w\" sizes=\"auto, (max-width: 908px) 100vw, 908px\" \/>\t\t\t\t\t\t\n\t\t\t\t\t<\/div>\n\t\t\t\t\t\t\t\t\n<style>\n#image_934341678 {\n  width: 100%;\n}\n<\/style>\n\t<\/div>\n\t\n\t\t<\/div>\n\t\t\t\t\t<\/div>\n\n\t\n\n\t<div id=\"col-2038188662\" class=\"col medium-6 small-12 large-6\"  data-animate=\"fadeInLeft\">\n\t\t\t\t<div class=\"col-inner\"  >\n\t\t\t\n\t\t\t\n\t<div id=\"text-876422595\" class=\"text\">\n\t\t\n<h2 style=\"text-align: center;\"><strong><span style=\"font-size: 150%;\">DUNG D\u1ecaCH R\u1eecA K\u00cdNH \u00d4 T\u00d4 SI\u00caU S\u00c1NG<\/span><\/strong><\/h2>\n\t\t\n<style>\n#text-876422595 {\n  font-size: 1.45rem;\n  line-height: 1.55;\n  text-align: center;\n}\n<\/style>\n\t<\/div>\n\t\n<a href=\"https:\/\/blueonemienbac.com\/san-pham\/hoa-chat-naoh-caustic-soda\/\" target=\"_self\" class=\"button primary\"  style=\"border-radius:99px;\">\n    <span>xem th\u00eam<\/span>\n  <\/a>\n\n\t\t<\/div>\n\t\t\t\t\n<style>\n#col-2038188662 > .col-inner {\n  padding: 0px 20px 0px 20px;\n}\n@media (min-width:550px) {\n  #col-2038188662 > .col-inner {\n    padding: 0px 200px 0px 50px;\n  }\n}\n<\/style>\n\t<\/div>\n\n\t\n<\/div>\n\t\t<\/div>\n\n\t\t\n<style>\n#section_1279166595 {\n  padding-top: 0px;\n  padding-bottom: 0px;\n}\n#section_1279166595 .ux-shape-divider--top svg {\n  height: 150px;\n  --divider-top-width: 100%;\n}\n#section_1279166595 .ux-shape-divider--bottom svg {\n  height: 150px;\n  --divider-width: 100%;\n}\n<\/style>\n\t<\/section>\n\t\n\t<section class=\"section\" id=\"section_766723088\">\n\t\t<div class=\"bg section-bg fill bg-fill  bg-loaded\" >\n\n\t\t\t\n\t\t\t\n\t\t\t\n\n\t\t<\/div>\n\n\t\t\n\n\t\t<div class=\"section-content relative\">\n\t\t\t\n<div class=\"row row-collapse row-full-width align-middle align-center\"  id=\"row-1697260262\">\n\n\t<div id=\"col-1025560457\" class=\"col medium-6 small-12 large-6\"  data-animate=\"fadeInLeft\">\n\t\t\t\t<div class=\"col-inner\"  >\n\t\t\t\n\t\t\t\n\t<div id=\"text-2441739189\" class=\"text\">\n\t\t\n<h2>DUNG D\u1ecaCH V\u1ec6 SINH KIM PHUN, BU\u1ed2NG \u0110\u1ed0T<\/h2>\n\t\t\n<style>\n#text-2441739189 {\n  font-size: 1.2rem;\n}\n<\/style>\n\t<\/div>\n\t\n<a href=\"https:\/\/blueonemienbac.com\/san-pham\/dung-dich-phan-tich-chat-luong-san-pham\/\" target=\"_self\" class=\"button primary\"  style=\"border-radius:99px;\">\n    <span>xem th\u00eam<\/span>\n  <\/a>\n\n\t\t<\/div>\n\t\t\t\t\n<style>\n#col-1025560457 > .col-inner {\n  padding: 0px 20px 0px 20px;\n}\n@media (min-width:550px) {\n  #col-1025560457 > .col-inner {\n    padding: 0px 50px 0px 200px;\n  }\n}\n<\/style>\n\t<\/div>\n\n\t\n\n\t<div id=\"col-2040185373\" class=\"col medium-6 small-12 large-6\"  data-animate=\"fadeInDown\">\n\t\t\t\t<div class=\"col-inner text-center\"  >\n\t\t\t\n\t\t\t\n\t<div class=\"img has-hover x md-x lg-x y md-y lg-y\" id=\"image_1440961074\">\n\t\t\t\t\t\t\t\t<div class=\"img-inner image-cover dark\" style=\"padding-top:500px;\">\n\t\t\t<img loading=\"lazy\" decoding=\"async\" width=\"86\" height=\"289\" src=\"https:\/\/blueonemienbac.com\/wp-content\/uploads\/2022\/07\/VE-SINH-KIM-PHUN-BUONG-DOT.jpeg\" class=\"attachment-original size-original\" alt=\"\" \/>\t\t\t\t\t\t\n\t\t\t\t\t<\/div>\n\t\t\t\t\t\t\t\t\n<style>\n#image_1440961074 {\n  width: 100%;\n}\n<\/style>\n\t<\/div>\n\t\n\t\t<\/div>\n\t\t\t\t\t<\/div>\n\n\t\n<\/div>\n\t\t<\/div>\n\n\t\t\n<style>\n#section_766723088 {\n  padding-top: 0px;\n  padding-bottom: 0px;\n}\n#section_766723088 .ux-shape-divider--top svg {\n  height: 150px;\n  --divider-top-width: 100%;\n}\n#section_766723088 .ux-shape-divider--bottom svg {\n  height: 150px;\n  --divider-width: 100%;\n}\n<\/style>\n\t<\/section>\n\t\n","protected":false},"excerpt":{"rendered":"","protected":false},"author":1,"featured_media":0,"parent":0,"menu_order":0,"comment_status":"closed","ping_status":"closed","template":"","meta":{"footnotes":""},"class_list":["post-14","page","type-page","status-publish","hentry"],"_links":{"self":[{"href":"https:\/\/blueonemienbac.com\/index.php?rest_route=\/wp\/v2\/pages\/14","targetHints":{"allow":["GET"]}}],"collection":[{"href":"https:\/\/blueonemienbac.com\/index.php?rest_route=\/wp\/v2\/pages"}],"about":[{"href":"https:\/\/blueonemienbac.com\/index.php?rest_route=\/wp\/v2\/types\/page"}],"author":[{"embeddable":true,"href":"https:\/\/blueonemienbac.com\/index.php?rest_route=\/wp\/v2\/users\/1"}],"replies":[{"embeddable":true,"href":"https:\/\/blueonemienbac.com\/index.php?rest_route=%2Fwp%2Fv2%2Fcomments&post=14"}],"version-history":[{"count":25,"href":"https:\/\/blueonemienbac.com\/index.php?rest_route=\/wp\/v2\/pages\/14\/revisions"}],"predecessor-version":[{"id":665,"href":"https:\/\/blueonemienbac.com\/index.php?rest_route=\/wp\/v2\/pages\/14\/revisions\/665"}],"wp:attachment":[{"href":"https:\/\/blueonemienbac.com\/index.php?rest_route=%2Fwp%2Fv2%2Fmedia&parent=14"}],"curies":[{"name":"wp","href":"https:\/\/api.w.org\/{rel}","templated":true}]}}